{"id":173,"date":"2023-10-01T23:10:10","date_gmt":"2023-10-01T21:10:10","guid":{"rendered":"https:\/\/www.areacampermaranello.it\/wp\/?page_id=173"},"modified":"2023-10-01T23:10:11","modified_gmt":"2023-10-01T21:10:11","slug":"hogar","status":"publish","type":"page","link":"https:\/\/www.areacampermaranello.it\/wp\/es\/hogar\/","title":{"rendered":"HOGAR"},"content":{"rendered":"\n<h2 class=\"wp-block-heading has-text-align-center\"><strong>ZONA EQUIPADA PARA CAMPER DE CUENTOS CORT<\/strong>OS<\/h2>\n\n\n\n<p class=\"has-text-align-center\">Via Fondo Val Tiepido N\u00b0 77 41050 Torre Maina&nbsp;di Maranello<\/p>\n\n\n\n<p class=\"has-text-align-center\"><strong><a href=\"https:\/\/www.comune.maranello.mo.it\/\">MUNICIPIO DE MARANELLO<\/a><\/strong><\/p>\n\n\n\n<p class=\"has-text-align-center\">El acceso al \u00e1rea ubicada dentro del sendero natural a lo largo del arroyo c\u00e1lido est\u00e1 permitido \u00fanicamente a los campistas.<\/p>\n\n\n\n<p class=\"has-text-align-center\"><strong>Se permite el acceso comprando online la entrada a la zona <a href=\"https:\/\/www.areacampermaranello.it\/wp\/es\/comprar-admision\/\">AQU\u00cd<\/a>, te llegar\u00e1 un email con el c\u00f3digo de apertura de la barrera.<\/strong> En caso de problemas, comun\u00edquese con el administrador (M\u00f3vil +39 339 2634716).<\/p>\n\n\n\n<p class=\"has-text-align-center\">Una vez dentro es obligatorio seguir la normativa.<\/p>\n\n\n\n<p class=\"has-text-align-center\"><strong>El coste diario del aparcamiento es de 7,00 \u20ac. Descarga s\u00f3lo 2,00\u20ac.<\/strong><\/p>\n\n\n\n<p class=\"has-text-align-center\">El \u00c1rea est\u00e1 equipada con:<\/p>\n\n\n\n<p class=\"has-text-align-center\">* 10 apartaderos<\/p>\n\n\n\n<p class=\"has-text-align-center\">* Gran sumidero de drenaje autolimpiante<\/p>\n\n\n\n<p class=\"has-text-align-center\">* Suministro de agua<\/p>\n\n\n\n<p class=\"has-text-align-center\">* Toma de electricidad para cada parcela.<\/p>\n\n\n\n<p class=\"has-text-align-center\">* Barbacoa y \u00e1rea de picnic<\/p>\n\n\n\n<p class=\"has-text-align-center\">* Aseos (en renovaci\u00f3n)<\/p>\n\n\n\n<p class=\"has-text-align-center\">*Parque infantil para ni\u00f1os<\/p>\n\n\n\n<div class=\"wp-block-buttons is-content-justification-center is-layout-flex wp-container-core-buttons-is-layout-16018d1d wp-block-buttons-is-layout-flex\">\n<div class=\"wp-block-button is-style-fill\"><a class=\"wp-block-button__link has-luminous-vivid-amber-background-color has-background wp-element-button\" href=\"https:\/\/www.areacampermaranello.it\/wp\/es\/comprar-admision\/\"><strong>COMPRA TU ENTRADA ONLINE<\/strong><\/a><\/div>\n<\/div>\n","protected":false},"excerpt":{"rendered":"<p>ZONA EQUIPADA PARA CAMPER DE CUENTOS CORTOS Via Fondo Val Tiepido N\u00b0 77 41050 Torre Maina&nbsp;di Maranello MUNICIPIO DE MARANELLO El acceso al \u00e1rea ubicada dentro del sendero natural a lo largo del arroyo c\u00e1lido est\u00e1 permitido \u00fanicamente a los campistas. Se permite el acceso comprando online la entrada a la zona AQU\u00cd, te llegar\u00e1 [&hellip;]<\/p>\n","protected":false},"author":1,"featured_media":0,"parent":0,"menu_order":0,"comment_status":"closed","ping_status":"open","template":"","meta":{"footnotes":""},"class_list":["post-173","page","type-page","status-publish","hentry","entry"],"_links":{"self":[{"href":"https:\/\/www.areacampermaranello.it\/wp\/wp-json\/wp\/v2\/pages\/173","targetHints":{"allow":["GET"]}}],"collection":[{"href":"https:\/\/www.areacampermaranello.it\/wp\/wp-json\/wp\/v2\/pages"}],"about":[{"href":"https:\/\/www.areacampermaranello.it\/wp\/wp-json\/wp\/v2\/types\/page"}],"author":[{"embeddable":true,"href":"https:\/\/www.areacampermaranello.it\/wp\/wp-json\/wp\/v2\/users\/1"}],"replies":[{"embeddable":true,"href":"https:\/\/www.areacampermaranello.it\/wp\/wp-json\/wp\/v2\/comments?post=173"}],"version-history":[{"count":1,"href":"https:\/\/www.areacampermaranello.it\/wp\/wp-json\/wp\/v2\/pages\/173\/revisions"}],"predecessor-version":[{"id":175,"href":"https:\/\/www.areacampermaranello.it\/wp\/wp-json\/wp\/v2\/pages\/173\/revisions\/175"}],"wp:attachment":[{"href":"https:\/\/www.areacampermaranello.it\/wp\/wp-json\/wp\/v2\/media?parent=173"}],"curies":[{"name":"wp","href":"https:\/\/api.w.org\/{rel}","templated":true}]}}